{"id":1087,"date":"2022-02-22T18:55:41","date_gmt":"2022-02-22T18:55:41","guid":{"rendered":"https:\/\/dragonfly-hostels.com\/site\/?page_id=1087"},"modified":"2022-02-22T19:03:39","modified_gmt":"2022-02-22T19:03:39","slug":"blog","status":"publish","type":"page","link":"https:\/\/dragonflyhostels.com\/es\/blog\/","title":{"rendered":"Blog"},"content":{"rendered":"\t\t<div data-elementor-type=\"wp-page\" data-elementor-id=\"1087\" class=\"elementor elementor-1087\" data-elementor-settings=\"[]\">\n\t\t\t\t\t\t<div class=\"elementor-inner\">\n\t\t\t\t\t\t\t<div class=\"elementor-section-wrap\">\n\t\t\t\t\t\t\t<section class=\"elementor-section elementor-top-section elementor-element elementor-element-60bfb8b elementor-section-stretched elementor-section-full_width elementor-section-height-default elementor-section-height-default\" data-id=\"60bfb8b\" data-element_type=\"section\" data-settings=\"{&quot;stretch_section&quot;:&quot;section-stretched&quot;}\">\n\t\t\t\t\t\t<div class=\"elementor-container elementor-column-gap-default\">\n\t\t\t\t\t\t\t<div class=\"elementor-row\">\n\t\t\t\t\t<div class=\"elementor-column elementor-col-100 elementor-top-column elementor-element elementor-element-fdd8a9a\" data-id=\"fdd8a9a\" data-element_type=\"column\">\n\t\t\t<div class=\"elementor-column-wrap elementor-element-populated\">\n\t\t\t\t\t\t\t<div class=\"elementor-widget-wrap\">\n\t\t\t\t\t\t<div class=\"elementor-element elementor-element-901356c elementor--h-position-center elementor--v-position-middle elementor-arrows-position-inside elementor-pagination-position-inside elementor-widget elementor-widget-slides\" data-id=\"901356c\" data-element_type=\"widget\" data-settings=\"{&quot;navigation&quot;:&quot;both&quot;,&quot;autoplay&quot;:&quot;yes&quot;,&quot;pause_on_hover&quot;:&quot;yes&quot;,&quot;pause_on_interaction&quot;:&quot;yes&quot;,&quot;autoplay_speed&quot;:5000,&quot;infinite&quot;:&quot;yes&quot;,&quot;transition&quot;:&quot;slide&quot;,&quot;transition_speed&quot;:500}\" data-widget_type=\"slides.default\">\n\t\t\t\t<div class=\"elementor-widget-container\">\n\t\t\t\t\t<div class=\"elementor-swiper\">\n\t\t\t<div class=\"elementor-slides-wrapper elementor-main-swiper swiper-container\" dir=\"ltr\" data-animation=\"fadeInUp\">\n\t\t\t\t<div class=\"swiper-wrapper elementor-slides\">\n\t\t\t\t\t<div class=\"elementor-repeater-item-4d88ecd swiper-slide\"><div class=\"swiper-slide-bg\"><\/div><div class=\"swiper-slide-inner\" ><div class=\"swiper-slide-contents\"><div class=\"elementor-slide-heading\">BIENVENIDO A NUESTRO BLOG<\/div><\/div><\/div><\/div><div class=\"elementor-repeater-item-eece3cd swiper-slide\"><div class=\"swiper-slide-bg\"><\/div><div class=\"swiper-slide-inner\" ><div class=\"swiper-slide-contents\"><div class=\"elementor-slide-heading\">TIPS - AVENTURAS - CONSEJOS - VIAJES<\/div><\/div><\/div><\/div><div class=\"elementor-repeater-item-ccaa9d6 swiper-slide\"><div class=\"swiper-slide-bg\"><\/div><div class=\"swiper-slide-inner\" ><div class=\"swiper-slide-contents\"><div class=\"elementor-slide-heading\">TE PRESENTAMOS LO MEJOR DE NUESTRA CIUDAD<\/div><\/div><\/div><\/div>\t\t\t\t<\/div>\n\t\t\t\t\t\t\t\t\t\t\t\t\t\t\t<div class=\"swiper-pagination\"><\/div>\n\t\t\t\t\t\t\t\t\t\t\t\t\t\t\t\t<div class=\"elementor-swiper-button elementor-swiper-button-prev\">\n\t\t\t\t\t\t\t<i class=\"eicon-chevron-left\" aria-hidden=\"true\"><\/i>\n\t\t\t\t\t\t\t<span class=\"elementor-screen-only\">Previous<\/span>\n\t\t\t\t\t\t<\/div>\n\t\t\t\t\t\t<div class=\"elementor-swiper-button elementor-swiper-button-next\">\n\t\t\t\t\t\t\t<i class=\"eicon-chevron-right\" aria-hidden=\"true\"><\/i>\n\t\t\t\t\t\t\t<span class=\"elementor-screen-only\">Next<\/span>\n\t\t\t\t\t\t<\/div>\n\t\t\t\t\t\t\t\t\t\t\t\t<\/div>\n\t\t<\/div>\n\t\t\t\t<\/div>\n\t\t\t\t<\/div>\n\t\t\t\t\t\t<\/div>\n\t\t\t\t\t<\/div>\n\t\t<\/div>\n\t\t\t\t\t\t\t\t<\/div>\n\t\t\t\t\t<\/div>\n\t\t<\/section>\n\t\t\t\t<section class=\"elementor-section elementor-top-section elementor-element elementor-element-60ab074 elementor-section-stretched elementor-section-boxed elementor-section-height-default elementor-section-height-default\" data-id=\"60ab074\" data-element_type=\"section\" data-settings=\"{&quot;stretch_section&quot;:&quot;section-stretched&quot;,&quot;background_background&quot;:&quot;classic&quot;}\">\n\t\t\t\t\t\t<div class=\"elementor-container elementor-column-gap-default\">\n\t\t\t\t\t\t\t<div class=\"elementor-row\">\n\t\t\t\t\t<div class=\"elementor-column elementor-col-100 elementor-top-column elementor-element elementor-element-498d261\" data-id=\"498d261\" data-element_type=\"column\">\n\t\t\t<div class=\"elementor-column-wrap elementor-element-populated\">\n\t\t\t\t\t\t\t<div class=\"elementor-widget-wrap\">\n\t\t\t\t\t\t<div class=\"elementor-element elementor-element-5c0b4f1 elementor-widget elementor-widget-heading\" data-id=\"5c0b4f1\" data-element_type=\"widget\" data-widget_type=\"heading.default\">\n\t\t\t\t<div class=\"elementor-widget-container\">\n\t\t\t<h2 class=\"elementor-heading-title elementor-size-default\">TE INVITAMOS A REVISAR NUESTROS ART\u00cdCULOS DE INTER\u00c9S<\/h2>\t\t<\/div>\n\t\t\t\t<\/div>\n\t\t\t\t<div class=\"elementor-element elementor-element-1233355 elementor-grid-3 elementor-grid-tablet-2 elementor-grid-mobile-1 elementor-posts--thumbnail-top elementor-posts--show-avatar elementor-card-shadow-yes elementor-posts__hover-gradient elementor-widget elementor-widget-posts\" data-id=\"1233355\" data-element_type=\"widget\" data-settings=\"{&quot;cards_columns&quot;:&quot;3&quot;,&quot;cards_columns_tablet&quot;:&quot;2&quot;,&quot;cards_columns_mobile&quot;:&quot;1&quot;,&quot;cards_row_gap&quot;:{&quot;unit&quot;:&quot;px&quot;,&quot;size&quot;:35,&quot;sizes&quot;:[]}}\" data-widget_type=\"posts.cards\">\n\t\t\t\t<div class=\"elementor-widget-container\">\n\t\t\t\t\t<div class=\"elementor-posts-container elementor-posts elementor-posts--skin-cards elementor-grid\">\n\t\t\t\t<article class=\"elementor-post elementor-grid-item post-1066 post type-post status-publish format-standard has-post-thumbnail hentry category-lugares category-recomendaciones\">\n\t\t\t<div class=\"elementor-post__card\">\n\t\t\t\t<a class=\"elementor-post__thumbnail__link\" href=\"https:\/\/dragonflyhostels.com\/es\/piensas-ir-a-cusco-te-armamos-el-city-tour-en-la-ciudad-del-inca\/\">\n\t\t\t<div class=\"elementor-post__thumbnail\"><img width=\"300\" height=\"225\" src=\"https:\/\/dragonflyhostels.com\/es\/wp-content\/uploads\/2022\/02\/tour-a-cusco-machu-picchu-300x225.jpg\" class=\"attachment-medium size-medium\" alt=\"\" decoding=\"async\" loading=\"lazy\" srcset=\"https:\/\/dragonflyhostels.com\/es\/wp-content\/uploads\/2022\/02\/tour-a-cusco-machu-picchu-300x225.jpg 300w, https:\/\/dragonflyhostels.com\/es\/wp-content\/uploads\/2022\/02\/tour-a-cusco-machu-picchu-1024x768.jpg 1024w, https:\/\/dragonflyhostels.com\/es\/wp-content\/uploads\/2022\/02\/tour-a-cusco-machu-picchu-768x576.jpg 768w, https:\/\/dragonflyhostels.com\/es\/wp-content\/uploads\/2022\/02\/tour-a-cusco-machu-picchu.jpg 1400w\" sizes=\"(max-width: 300px) 100vw, 300px\" \/><\/div>\n\t\t<\/a>\n\t\t\t\t<div class=\"elementor-post__badge\">Lugares<\/div>\n\t\t\t\t<div class=\"elementor-post__avatar\">\n\t\t\t<img alt='admin' src='https:\/\/secure.gravatar.com\/avatar\/cb3249557e18592214394644ee813781?s=128&#038;d=mm&#038;r=g' srcset='https:\/\/secure.gravatar.com\/avatar\/cb3249557e18592214394644ee813781?s=256&#038;d=mm&#038;r=g 2x' class='avatar avatar-128 photo' height='128' width='128' loading='lazy' decoding='async'\/>\t\t<\/div>\n\t\t\t\t<div class=\"elementor-post__text\">\n\t\t\t\t<h3 class=\"elementor-post__title\">\n\t\t\t<a href=\"https:\/\/dragonflyhostels.com\/es\/piensas-ir-a-cusco-te-armamos-el-city-tour-en-la-ciudad-del-inca\/\">\n\t\t\t\t\u00bfPiensas ir a Cusco? Te armamos el city tour en la ciudad del inca\t\t\t<\/a>\n\t\t<\/h3>\n\t\t\t\t<div class=\"elementor-post__excerpt\">\n\t\t\t<p>Se acerca tu viaje a Cusco y est\u00e1s pensando en armar tu itinerario de actividades y lugares para conocer, por eso aqu\u00ed te recomendamos un<\/p>\n\t\t<\/div>\n\t\t\t\t\t<a class=\"elementor-post__read-more\" href=\"https:\/\/dragonflyhostels.com\/es\/piensas-ir-a-cusco-te-armamos-el-city-tour-en-la-ciudad-del-inca\/\">\n\t\t\t\tLeer m\u00e1s \u00bb\t\t\t<\/a>\n\t\t\t\t<\/div>\n\t\t\t\t<div class=\"elementor-post__meta-data\">\n\t\t\t\t\t<span class=\"elementor-post-date\">\n\t\t\t22\/02\/2022\t\t<\/span>\n\t\t\t\t<span class=\"elementor-post-avatar\">\n\t\t\tNo hay comentarios\t\t<\/span>\n\t\t\t\t<\/div>\n\t\t\t\t\t<\/div>\n\t\t<\/article>\n\t\t\t\t<article class=\"elementor-post elementor-grid-item post-1065 post type-post status-publish format-standard has-post-thumbnail hentry category-amenidades category-recomendaciones\">\n\t\t\t<div class=\"elementor-post__card\">\n\t\t\t\t<a class=\"elementor-post__thumbnail__link\" href=\"https:\/\/dragonflyhostels.com\/es\/city-tour-por-lima-durante-2-dias-armalo-tu-mismo\/\">\n\t\t\t<div class=\"elementor-post__thumbnail\"><img width=\"300\" height=\"200\" src=\"https:\/\/dragonflyhostels.com\/es\/wp-content\/uploads\/2022\/02\/city-tour-lima-2-300x200.jpg\" class=\"attachment-medium size-medium\" alt=\"\" decoding=\"async\" loading=\"lazy\" srcset=\"https:\/\/dragonflyhostels.com\/es\/wp-content\/uploads\/2022\/02\/city-tour-lima-2-300x200.jpg 300w, https:\/\/dragonflyhostels.com\/es\/wp-content\/uploads\/2022\/02\/city-tour-lima-2-1024x683.jpg 1024w, https:\/\/dragonflyhostels.com\/es\/wp-content\/uploads\/2022\/02\/city-tour-lima-2-768x512.jpg 768w, https:\/\/dragonflyhostels.com\/es\/wp-content\/uploads\/2022\/02\/city-tour-lima-2.jpg 1200w\" sizes=\"(max-width: 300px) 100vw, 300px\" \/><\/div>\n\t\t<\/a>\n\t\t\t\t<div class=\"elementor-post__badge\">Amenidades<\/div>\n\t\t\t\t<div class=\"elementor-post__avatar\">\n\t\t\t<img alt='admin' src='https:\/\/secure.gravatar.com\/avatar\/cb3249557e18592214394644ee813781?s=128&#038;d=mm&#038;r=g' srcset='https:\/\/secure.gravatar.com\/avatar\/cb3249557e18592214394644ee813781?s=256&#038;d=mm&#038;r=g 2x' class='avatar avatar-128 photo' height='128' width='128' loading='lazy' decoding='async'\/>\t\t<\/div>\n\t\t\t\t<div class=\"elementor-post__text\">\n\t\t\t\t<h3 class=\"elementor-post__title\">\n\t\t\t<a href=\"https:\/\/dragonflyhostels.com\/es\/city-tour-por-lima-durante-2-dias-armalo-tu-mismo\/\">\n\t\t\t\tCity tour por lima durante 2 d\u00edas \u00a1armalo t\u00fa mismo!\t\t\t<\/a>\n\t\t<\/h3>\n\t\t\t\t<div class=\"elementor-post__excerpt\">\n\t\t\t<p>\u00bfSe acerca tu viaje a Per\u00fa? Toma nota que a continuaci\u00f3n te armamos tu city tour por Lima en solo 2 d\u00edas. D\u00eda 1: Lima<\/p>\n\t\t<\/div>\n\t\t\t\t\t<a class=\"elementor-post__read-more\" href=\"https:\/\/dragonflyhostels.com\/es\/city-tour-por-lima-durante-2-dias-armalo-tu-mismo\/\">\n\t\t\t\tLeer m\u00e1s \u00bb\t\t\t<\/a>\n\t\t\t\t<\/div>\n\t\t\t\t<div class=\"elementor-post__meta-data\">\n\t\t\t\t\t<span class=\"elementor-post-date\">\n\t\t\t22\/02\/2022\t\t<\/span>\n\t\t\t\t<span class=\"elementor-post-avatar\">\n\t\t\tNo hay comentarios\t\t<\/span>\n\t\t\t\t<\/div>\n\t\t\t\t\t<\/div>\n\t\t<\/article>\n\t\t\t\t<article class=\"elementor-post elementor-grid-item post-1056 post type-post status-publish format-standard has-post-thumbnail hentry category-consejos category-pasatiempos\">\n\t\t\t<div class=\"elementor-post__card\">\n\t\t\t\t<a class=\"elementor-post__thumbnail__link\" href=\"https:\/\/dragonflyhostels.com\/es\/5-actividades-deportivas-que-debes-realizar-si-estas-en-miraflores\/\">\n\t\t\t<div class=\"elementor-post__thumbnail\"><img width=\"300\" height=\"167\" src=\"https:\/\/dragonflyhostels.com\/es\/wp-content\/uploads\/2022\/02\/5-actividades-deportivas-que-debes-realizar-si-estas-en-Miraflores-300x167.jpg\" class=\"attachment-medium size-medium\" alt=\"\" decoding=\"async\" loading=\"lazy\" srcset=\"https:\/\/dragonflyhostels.com\/es\/wp-content\/uploads\/2022\/02\/5-actividades-deportivas-que-debes-realizar-si-estas-en-Miraflores-300x167.jpg 300w, https:\/\/dragonflyhostels.com\/es\/wp-content\/uploads\/2022\/02\/5-actividades-deportivas-que-debes-realizar-si-estas-en-Miraflores-768x429.jpg 768w, https:\/\/dragonflyhostels.com\/es\/wp-content\/uploads\/2022\/02\/5-actividades-deportivas-que-debes-realizar-si-estas-en-Miraflores.jpg 1000w\" sizes=\"(max-width: 300px) 100vw, 300px\" \/><\/div>\n\t\t<\/a>\n\t\t\t\t<div class=\"elementor-post__badge\">Consejos<\/div>\n\t\t\t\t<div class=\"elementor-post__avatar\">\n\t\t\t<img alt='admin' src='https:\/\/secure.gravatar.com\/avatar\/cb3249557e18592214394644ee813781?s=128&#038;d=mm&#038;r=g' srcset='https:\/\/secure.gravatar.com\/avatar\/cb3249557e18592214394644ee813781?s=256&#038;d=mm&#038;r=g 2x' class='avatar avatar-128 photo' height='128' width='128' loading='lazy' decoding='async'\/>\t\t<\/div>\n\t\t\t\t<div class=\"elementor-post__text\">\n\t\t\t\t<h3 class=\"elementor-post__title\">\n\t\t\t<a href=\"https:\/\/dragonflyhostels.com\/es\/5-actividades-deportivas-que-debes-realizar-si-estas-en-miraflores\/\">\n\t\t\t\t5 actividades deportivas que debes realizar si est\u00e1s en Miraflores\t\t\t<\/a>\n\t\t<\/h3>\n\t\t\t\t<div class=\"elementor-post__excerpt\">\n\t\t\t<p>Hoy d\u00eda vamos a compartir un poco de las actividades deportivas que se pueden realizar en el distrito tur\u00edstico de Miraflores. Algunas de ellas son<\/p>\n\t\t<\/div>\n\t\t\t\t\t<a class=\"elementor-post__read-more\" href=\"https:\/\/dragonflyhostels.com\/es\/5-actividades-deportivas-que-debes-realizar-si-estas-en-miraflores\/\">\n\t\t\t\tLeer m\u00e1s \u00bb\t\t\t<\/a>\n\t\t\t\t<\/div>\n\t\t\t\t<div class=\"elementor-post__meta-data\">\n\t\t\t\t\t<span class=\"elementor-post-date\">\n\t\t\t22\/02\/2022\t\t<\/span>\n\t\t\t\t<span class=\"elementor-post-avatar\">\n\t\t\tNo hay comentarios\t\t<\/span>\n\t\t\t\t<\/div>\n\t\t\t\t\t<\/div>\n\t\t<\/article>\n\t\t\t\t<article class=\"elementor-post elementor-grid-item post-1037 post type-post status-publish format-standard has-post-thumbnail hentry category-lugares category-recomendaciones\">\n\t\t\t<div class=\"elementor-post__card\">\n\t\t\t\t<a class=\"elementor-post__thumbnail__link\" href=\"https:\/\/dragonflyhostels.com\/es\/barranco-el-distrito-bohemio-de-lima\/\">\n\t\t\t<div class=\"elementor-post__thumbnail\"><img width=\"300\" height=\"169\" src=\"https:\/\/dragonflyhostels.com\/es\/wp-content\/uploads\/2022\/02\/Barranco-el-distrito-mas-bohemio-de-lima-300x169.jpg\" class=\"attachment-medium size-medium\" alt=\"\" decoding=\"async\" loading=\"lazy\" srcset=\"https:\/\/dragonflyhostels.com\/es\/wp-content\/uploads\/2022\/02\/Barranco-el-distrito-mas-bohemio-de-lima-300x169.jpg 300w, https:\/\/dragonflyhostels.com\/es\/wp-content\/uploads\/2022\/02\/Barranco-el-distrito-mas-bohemio-de-lima-768x432.jpg 768w, https:\/\/dragonflyhostels.com\/es\/wp-content\/uploads\/2022\/02\/Barranco-el-distrito-mas-bohemio-de-lima.jpg 800w\" sizes=\"(max-width: 300px) 100vw, 300px\" \/><\/div>\n\t\t<\/a>\n\t\t\t\t<div class=\"elementor-post__badge\">Lugares<\/div>\n\t\t\t\t<div class=\"elementor-post__avatar\">\n\t\t\t<img alt='admin' src='https:\/\/secure.gravatar.com\/avatar\/cb3249557e18592214394644ee813781?s=128&#038;d=mm&#038;r=g' srcset='https:\/\/secure.gravatar.com\/avatar\/cb3249557e18592214394644ee813781?s=256&#038;d=mm&#038;r=g 2x' class='avatar avatar-128 photo' height='128' width='128' loading='lazy' decoding='async'\/>\t\t<\/div>\n\t\t\t\t<div class=\"elementor-post__text\">\n\t\t\t\t<h3 class=\"elementor-post__title\">\n\t\t\t<a href=\"https:\/\/dragonflyhostels.com\/es\/barranco-el-distrito-bohemio-de-lima\/\">\n\t\t\t\tBarranco &#8211; El distrito bohemio de Lima\t\t\t<\/a>\n\t\t<\/h3>\n\t\t\t\t<div class=\"elementor-post__excerpt\">\n\t\t\t<p>Barranco es un distrito peque\u00f1o que guarda entre sus calles casonas republicanas que le dan un toque tradicional y con mucho esp\u00edritu, siendo el preferido<\/p>\n\t\t<\/div>\n\t\t\t\t\t<a class=\"elementor-post__read-more\" href=\"https:\/\/dragonflyhostels.com\/es\/barranco-el-distrito-bohemio-de-lima\/\">\n\t\t\t\tLeer m\u00e1s \u00bb\t\t\t<\/a>\n\t\t\t\t<\/div>\n\t\t\t\t<div class=\"elementor-post__meta-data\">\n\t\t\t\t\t<span class=\"elementor-post-date\">\n\t\t\t22\/02\/2022\t\t<\/span>\n\t\t\t\t<span class=\"elementor-post-avatar\">\n\t\t\tNo hay comentarios\t\t<\/span>\n\t\t\t\t<\/div>\n\t\t\t\t\t<\/div>\n\t\t<\/article>\n\t\t\t\t<\/div>\n\t\t\t\t<\/div>\n\t\t\t\t<\/div>\n\t\t\t\t\t\t<\/div>\n\t\t\t\t\t<\/div>\n\t\t<\/div>\n\t\t\t\t\t\t\t\t<\/div>\n\t\t\t\t\t<\/div>\n\t\t<\/section>\n\t\t\t\t\t\t<\/div>\n\t\t\t\t\t\t<\/div>\n\t\t\t\t\t<\/div>\n\t\t","protected":false},"excerpt":{"rendered":"<p>BIENVENIDO A NUESTRO BLOGTIPS &#8211; AVENTURAS &#8211; CONSEJOS &#8211; VIAJESTE PRESENTAMOS LO MEJOR DE NUESTRA CIUDAD Previous Next TE INVITAMOS A REVISAR NUESTROS ART\u00cdCULOS DE INTER\u00c9S<\/p>\n","protected":false},"author":2,"featured_media":0,"parent":0,"menu_order":0,"comment_status":"closed","ping_status":"closed","template":"","meta":[],"_links":{"self":[{"href":"https:\/\/dragonflyhostels.com\/es\/wp-json\/wp\/v2\/pages\/1087"}],"collection":[{"href":"https:\/\/dragonflyhostels.com\/es\/wp-json\/wp\/v2\/pages"}],"about":[{"href":"https:\/\/dragonflyhostels.com\/es\/wp-json\/wp\/v2\/types\/page"}],"author":[{"embeddable":true,"href":"https:\/\/dragonflyhostels.com\/es\/wp-json\/wp\/v2\/users\/2"}],"replies":[{"embeddable":true,"href":"https:\/\/dragonflyhostels.com\/es\/wp-json\/wp\/v2\/comments?post=1087"}],"version-history":[{"count":4,"href":"https:\/\/dragonflyhostels.com\/es\/wp-json\/wp\/v2\/pages\/1087\/revisions"}],"predecessor-version":[{"id":1092,"href":"https:\/\/dragonflyhostels.com\/es\/wp-json\/wp\/v2\/pages\/1087\/revisions\/1092"}],"wp:attachment":[{"href":"https:\/\/dragonflyhostels.com\/es\/wp-json\/wp\/v2\/media?parent=1087"}],"curies":[{"name":"wp","href":"https:\/\/api.w.org\/{rel}","templated":true}]}}